{"id":11,"date":"2020-01-30T22:02:45","date_gmt":"2020-01-30T21:02:45","guid":{"rendered":"http:\/\/www.toepfereipiezonka.de\/toepferei\/?page_id=11"},"modified":"2020-03-30T13:38:32","modified_gmt":"2020-03-30T11:38:32","slug":"dekore","status":"publish","type":"page","link":"https:\/\/www.toepfereipiezonka.de\/toepferei\/dekore\/","title":{"rendered":"Dekore"},"content":{"rendered":"\n<div class=\"alignwide\"><div id=\"metaslider-id-58\" style=\"width: 100%; margin: 0 auto;\" class=\"ml-slider-3-15-3 metaslider metaslider-flex metaslider-58 ml-slider ml-slider-lightbox-1-10-1 lightbox-disabled nav-hidden\">\n    <div id=\"metaslider_container_58\">\n        <div id=\"metaslider_58\">\n            <ul aria-live=\"polite\" class=\"slides\">\n                <li style=\"display: block; width: 100%;\" class=\"slide-92 ms-image\"><img src=\"https:\/\/www.toepfereipiezonka.de\/toepferei\/wp-content\/uploads\/2020\/01\/piezonka-burg-6.jpg\" height=\"350\" width=\"1300\" alt=\"\" class=\"slider-58 slide-92\" title=\"piezonka-burg-6\" \/><\/li>\n                <li style=\"display: none; width: 100%;\" class=\"slide-93 ms-image\"><img src=\"https:\/\/www.toepfereipiezonka.de\/toepferei\/wp-content\/uploads\/2020\/01\/piezonka-burg-5.jpg\" height=\"350\" width=\"1300\" alt=\"\" class=\"slider-58 slide-93\" title=\"piezonka-burg-5\" \/><\/li>\n                <li style=\"display: none; width: 100%;\" class=\"slide-95 ms-image\"><img src=\"https:\/\/www.toepfereipiezonka.de\/toepferei\/wp-content\/uploads\/2020\/01\/piezonka-burg-3.jpg\" height=\"350\" width=\"1300\" alt=\"\" class=\"slider-58 slide-95\" title=\"piezonka-burg-3\" \/><\/li>\n                <li style=\"display: none; width: 100%;\" class=\"slide-96 ms-image\"><img src=\"https:\/\/www.toepfereipiezonka.de\/toepferei\/wp-content\/uploads\/2020\/01\/piezonka-burg-2.jpg\" height=\"350\" width=\"1300\" alt=\"\" class=\"slider-58 slide-96\" title=\"piezonka-burg-2\" \/><\/li>\n                <li style=\"display: none; width: 100%;\" class=\"slide-97 ms-image\"><img src=\"https:\/\/www.toepfereipiezonka.de\/toepferei\/wp-content\/uploads\/2020\/01\/piezonka-burg-1.jpg\" height=\"350\" width=\"1300\" alt=\"\" class=\"slider-58 slide-97\" title=\"piezonka-burg-1\" \/><\/li>\n                <li style=\"display: none; width: 100%;\" class=\"slide-94 ms-image\"><img src=\"https:\/\/www.toepfereipiezonka.de\/toepferei\/wp-content\/uploads\/2020\/01\/piezonka-burg-4.jpg\" height=\"350\" width=\"1300\" alt=\"\" class=\"slider-58 slide-94\" title=\"piezonka-burg-4\" \/><\/li>\n            <\/ul>\n        <\/div>\n        \n    <\/div>\n<\/div><\/div>\n\n\n\n<p>&nbsp;<\/p>\n<p>&nbsp;<\/p>\n\n\n<div class=\"foogallery foogallery-container foogallery-default foogallery-lightbox-foobox fg-gutter-20 fg-center fg-default fg-light fg-border-thin fg-shadow-outline fg-loaded-fade-in fg-custom fg-caption-hover fg-hover-fade\" id=\"foogallery-gallery-376\" data-foogallery=\"{&quot;item&quot;:{&quot;showCaptionTitle&quot;:true,&quot;showCaptionDescription&quot;:true},&quot;lazy&quot;:true,&quot;src&quot;:&quot;data-src-fg&quot;,&quot;srcset&quot;:&quot;data-srcset-fg&quot;}\" data-fg-common-fields=\"1\" >\r\n\t<div class=\"fg-item\"><figure class=\"fg-item-inner\"><a href=\"https:\/\/www.toepfereipiezonka.de\/toepferei\/wp-content\/uploads\/2020\/02\/dekor6.jpg\" data-caption-title=\"Abo \u2013 Dekor\" data-attachment-id=\"375\" class=\"fg-thumb\"><span class=\"fg-image-wrap\"><img title=\"Abo \u2013 Dekor\" width=\"150\" height=\"150\" data-src-fg=\"https:\/\/www.toepfereipiezonka.de\/toepferei\/wp-content\/uploads\/cache\/2020\/02\/dekor6\/464890288.jpg\" class=\"fg-image\" \/><\/span><\/a><figcaption class=\"fg-caption\"><div class=\"fg-caption-inner\"><div class=\"fg-caption-title\">Abo \u2013 Dekor<\/div><\/div><\/figcaption><\/figure><div class=\"fg-loader\"><\/div><\/div><div class=\"fg-item\"><figure class=\"fg-item-inner\"><a href=\"https:\/\/www.toepfereipiezonka.de\/toepferei\/wp-content\/uploads\/2020\/02\/dekor1.jpg\" data-caption-title=\"Blumenwiese gemalt\" data-attachment-id=\"370\" class=\"fg-thumb\"><span class=\"fg-image-wrap\"><img title=\"Blumenwiese gemalt\" width=\"150\" height=\"150\" data-src-fg=\"https:\/\/www.toepfereipiezonka.de\/toepferei\/wp-content\/uploads\/cache\/2020\/02\/dekor1\/3329221753.jpg\" class=\"fg-image\" \/><\/span><\/a><figcaption class=\"fg-caption\"><div class=\"fg-caption-inner\"><div class=\"fg-caption-title\">Blumenwiese gemalt<\/div><\/div><\/figcaption><\/figure><div class=\"fg-loader\"><\/div><\/div><div class=\"fg-item\"><figure class=\"fg-item-inner\"><a href=\"https:\/\/www.toepfereipiezonka.de\/toepferei\/wp-content\/uploads\/2020\/02\/dekor4.jpg\" data-caption-title=\"Mohnblume\" data-attachment-id=\"373\" class=\"fg-thumb\"><span class=\"fg-image-wrap\"><img title=\"Mohnblume\" width=\"150\" height=\"150\" data-src-fg=\"https:\/\/www.toepfereipiezonka.de\/toepferei\/wp-content\/uploads\/cache\/2020\/02\/dekor4\/3280284077.jpg\" class=\"fg-image\" \/><\/span><\/a><figcaption class=\"fg-caption\"><div class=\"fg-caption-inner\"><div class=\"fg-caption-title\">Mohnblume<\/div><\/div><\/figcaption><\/figure><div class=\"fg-loader\"><\/div><\/div><div class=\"fg-item\"><figure class=\"fg-item-inner\"><a href=\"https:\/\/www.toepfereipiezonka.de\/toepferei\/wp-content\/uploads\/2020\/02\/dekor5.jpg\" data-caption-title=\"Wei\u00df \u2013 Blau \u2013 gepunktet\" data-attachment-id=\"374\" class=\"fg-thumb\"><span class=\"fg-image-wrap\"><img title=\"Wei\u00df \u2013 Blau \u2013 gepunktet\" width=\"150\" height=\"150\" data-src-fg=\"https:\/\/www.toepfereipiezonka.de\/toepferei\/wp-content\/uploads\/cache\/2020\/02\/dekor5\/418124540.jpg\" class=\"fg-image\" \/><\/span><\/a><figcaption class=\"fg-caption\"><div class=\"fg-caption-inner\"><div class=\"fg-caption-title\">Wei\u00df \u2013 Blau \u2013 gepunktet<\/div><\/div><\/figcaption><\/figure><div class=\"fg-loader\"><\/div><\/div><div class=\"fg-item\"><figure class=\"fg-item-inner\"><a href=\"https:\/\/www.toepfereipiezonka.de\/toepferei\/wp-content\/uploads\/2020\/02\/dekor2.jpg\" data-caption-title=\"Manganton geritzt\" data-attachment-id=\"371\" class=\"fg-thumb\"><span class=\"fg-image-wrap\"><img title=\"Manganton geritzt\" width=\"150\" height=\"150\" data-src-fg=\"https:\/\/www.toepfereipiezonka.de\/toepferei\/wp-content\/uploads\/cache\/2020\/02\/dekor2\/3308674869.jpg\" class=\"fg-image\" \/><\/span><\/a><figcaption class=\"fg-caption\"><div class=\"fg-caption-inner\"><div class=\"fg-caption-title\">Manganton geritzt<\/div><\/div><\/figcaption><\/figure><div class=\"fg-loader\"><\/div><\/div><div class=\"fg-item\"><figure class=\"fg-item-inner\"><a href=\"https:\/\/www.toepfereipiezonka.de\/toepferei\/wp-content\/uploads\/2020\/02\/dekor3.jpg\" data-caption-title=\"Flamboyant\" data-attachment-id=\"372\" class=\"fg-thumb\"><span class=\"fg-image-wrap\"><img title=\"Flamboyant\" width=\"150\" height=\"150\" data-src-fg=\"https:\/\/www.toepfereipiezonka.de\/toepferei\/wp-content\/uploads\/cache\/2020\/02\/dekor3\/1150721051.jpg\" class=\"fg-image\" \/><\/span><\/a><figcaption class=\"fg-caption\"><div class=\"fg-caption-inner\"><div class=\"fg-caption-title\">Flamboyant<\/div><\/div><\/figcaption><\/figure><div class=\"fg-loader\"><\/div><\/div><\/div>\r\n\n\n\n<p>&nbsp;<\/p>\n<p>&nbsp;<\/p>\n\n\n\n<p>Hier sehen Sie die wichtigsten von uns entwickelten und verwendeten Dekore.<\/p>\n\n\n\n<p>F\u00fcr die konkrete Dekorbezeichnung klicken Sie bitte auf das jeweilige Foto.<\/p>\n\n\n\n<p>Daneben nutzen wir auch einfarbige Glasuren sowie  verschiedene Oberfl\u00e4chengestaltungsm\u00f6glichkeiten wie Malerei, Pr\u00e4gungen und Auflagen.   <\/p>\n\n\n\n<p><\/p>\n","protected":false},"excerpt":{"rendered":"<p>&nbsp; &nbsp; &nbsp; &nbsp; Hier sehen Sie die wichtigsten von uns entwickelten und verwendeten Dekore. F\u00fcr die konkrete Dekorbezeichnung klicken Sie bitte auf das jeweilige Foto. Daneben nutzen wir auch &#8230;<\/p>\n","protected":false},"author":1,"featured_media":0,"parent":0,"menu_order":0,"comment_status":"closed","ping_status":"closed","template":"template-fullwidth.php","meta":{"kt_blocks_editor_width":""},"_links":{"self":[{"href":"https:\/\/www.toepfereipiezonka.de\/toepferei\/wp-json\/wp\/v2\/pages\/11"}],"collection":[{"href":"https:\/\/www.toepfereipiezonka.de\/toepferei\/wp-json\/wp\/v2\/pages"}],"about":[{"href":"https:\/\/www.toepfereipiezonka.de\/toepferei\/wp-json\/wp\/v2\/types\/page"}],"author":[{"embeddable":true,"href":"https:\/\/www.toepfereipiezonka.de\/toepferei\/wp-json\/wp\/v2\/users\/1"}],"replies":[{"embeddable":true,"href":"https:\/\/www.toepfereipiezonka.de\/toepferei\/wp-json\/wp\/v2\/comments?post=11"}],"version-history":[{"count":10,"href":"https:\/\/www.toepfereipiezonka.de\/toepferei\/wp-json\/wp\/v2\/pages\/11\/revisions"}],"predecessor-version":[{"id":631,"href":"https:\/\/www.toepfereipiezonka.de\/toepferei\/wp-json\/wp\/v2\/pages\/11\/revisions\/631"}],"wp:attachment":[{"href":"https:\/\/www.toepfereipiezonka.de\/toepferei\/wp-json\/wp\/v2\/media?parent=11"}],"curies":[{"name":"wp","href":"https:\/\/api.w.org\/{rel}","templated":true}]}}