{"id":17,"date":"2020-01-30T22:05:50","date_gmt":"2020-01-30T21:05:50","guid":{"rendered":"http:\/\/www.toepfereipiezonka.de\/toepferei\/?page_id=17"},"modified":"2024-01-02T09:16:59","modified_gmt":"2024-01-02T08:16:59","slug":"kontakt","status":"publish","type":"page","link":"https:\/\/www.toepfereipiezonka.de\/toepferei\/kontakt\/","title":{"rendered":"Kontakt"},"content":{"rendered":"\n<div class=\"alignwide\"><div id=\"metaslider-id-58\" style=\"width: 100%; margin: 0 auto;\" class=\"ml-slider-3-15-3 metaslider metaslider-flex metaslider-58 ml-slider ml-slider-lightbox-1-10-1 lightbox-disabled nav-hidden\">\n    <div id=\"metaslider_container_58\">\n        <div id=\"metaslider_58\">\n            <ul aria-live=\"polite\" class=\"slides\">\n                <li style=\"display: block; width: 100%;\" class=\"slide-96 ms-image\"><img src=\"https:\/\/www.toepfereipiezonka.de\/toepferei\/wp-content\/uploads\/2020\/01\/piezonka-burg-2.jpg\" height=\"350\" width=\"1300\" alt=\"\" class=\"slider-58 slide-96\" title=\"piezonka-burg-2\" \/><\/li>\n                <li style=\"display: none; width: 100%;\" class=\"slide-95 ms-image\"><img src=\"https:\/\/www.toepfereipiezonka.de\/toepferei\/wp-content\/uploads\/2020\/01\/piezonka-burg-3.jpg\" height=\"350\" width=\"1300\" alt=\"\" class=\"slider-58 slide-95\" title=\"piezonka-burg-3\" \/><\/li>\n                <li style=\"display: none; width: 100%;\" class=\"slide-93 ms-image\"><img src=\"https:\/\/www.toepfereipiezonka.de\/toepferei\/wp-content\/uploads\/2020\/01\/piezonka-burg-5.jpg\" height=\"350\" width=\"1300\" alt=\"\" class=\"slider-58 slide-93\" title=\"piezonka-burg-5\" \/><\/li>\n                <li style=\"display: none; width: 100%;\" class=\"slide-92 ms-image\"><img src=\"https:\/\/www.toepfereipiezonka.de\/toepferei\/wp-content\/uploads\/2020\/01\/piezonka-burg-6.jpg\" height=\"350\" width=\"1300\" alt=\"\" class=\"slider-58 slide-92\" title=\"piezonka-burg-6\" \/><\/li>\n                <li style=\"display: none; width: 100%;\" class=\"slide-97 ms-image\"><img src=\"https:\/\/www.toepfereipiezonka.de\/toepferei\/wp-content\/uploads\/2020\/01\/piezonka-burg-1.jpg\" height=\"350\" width=\"1300\" alt=\"\" class=\"slider-58 slide-97\" title=\"piezonka-burg-1\" \/><\/li>\n                <li style=\"display: none; width: 100%;\" class=\"slide-94 ms-image\"><img src=\"https:\/\/www.toepfereipiezonka.de\/toepferei\/wp-content\/uploads\/2020\/01\/piezonka-burg-4.jpg\" height=\"350\" width=\"1300\" alt=\"\" class=\"slider-58 slide-94\" title=\"piezonka-burg-4\" \/><\/li>\n            <\/ul>\n        <\/div>\n        \n    <\/div>\n<\/div><\/div>\n\n\n\n\n\n<p>\u00a0<\/p>\n<p>\u00a0<\/p>\n\n\n\n<figure class=\"wp-block-table is-style-stripes\"><table><tbody><tr><td><strong>Werkstatt<\/strong>    |    <a rel=\"noreferrer noopener\" aria-label=\"Karte (opens in a new tab)\" href=\"https:\/\/goo.gl\/maps\/UGbQVvECLNmRFpwM6\" target=\"_blank\">Karte<\/a><\/td><td class=\"has-text-align-left\" data-align=\"left\"><\/td><\/tr><tr><td> <br>T\u00f6pferei Elke Piezonka<br> Weidenweg 15<br> 03096 Burg (Spreewald)<br> Tel: 035603 598<br><br> <a href=\"mailto:toepfereipiezonka@t-online.de\">toepfereipiezonka@t-online.de<\/a>     <\/td><td class=\"has-text-align-left\" data-align=\"left\"><br> <br><br><br><br><br>    <\/td><\/tr><tr><td><strong>\u00d6ffnungszeiten<\/strong> <br>April &#8211; Oktober: Mo &#8211; Sa 9.00 &#8211; 17.00 Uhr<br>November &#8211; M\u00e4rz: Mo &#8211; Sa 10.00 &#8211; 16.00 Uhr<br>Sonntag: nach Vereinbarung<br><\/td><td class=\"has-text-align-left\" data-align=\"left\"><br><br><\/td><\/tr><\/tbody><\/table><\/figure>\n\n\n\n<p><\/p>\n","protected":false},"excerpt":{"rendered":"<p>\u00a0 \u00a0 Werkstatt | Karte T\u00f6pferei Elke Piezonka Weidenweg 15 03096 Burg (Spreewald) Tel: 035603 598 toepfereipiezonka@t-online.de \u00d6ffnungszeiten April &#8211; Oktober: Mo &#8211; Sa 9.00 &#8211; 17.00 UhrNovember &#8211; M\u00e4rz: &#8230;<\/p>\n","protected":false},"author":1,"featured_media":0,"parent":0,"menu_order":0,"comment_status":"closed","ping_status":"closed","template":"template-fullwidth.php","meta":{"kt_blocks_editor_width":""},"_links":{"self":[{"href":"https:\/\/www.toepfereipiezonka.de\/toepferei\/wp-json\/wp\/v2\/pages\/17"}],"collection":[{"href":"https:\/\/www.toepfereipiezonka.de\/toepferei\/wp-json\/wp\/v2\/pages"}],"about":[{"href":"https:\/\/www.toepfereipiezonka.de\/toepferei\/wp-json\/wp\/v2\/types\/page"}],"author":[{"embeddable":true,"href":"https:\/\/www.toepfereipiezonka.de\/toepferei\/wp-json\/wp\/v2\/users\/1"}],"replies":[{"embeddable":true,"href":"https:\/\/www.toepfereipiezonka.de\/toepferei\/wp-json\/wp\/v2\/comments?post=17"}],"version-history":[{"count":51,"href":"https:\/\/www.toepfereipiezonka.de\/toepferei\/wp-json\/wp\/v2\/pages\/17\/revisions"}],"predecessor-version":[{"id":948,"href":"https:\/\/www.toepfereipiezonka.de\/toepferei\/wp-json\/wp\/v2\/pages\/17\/revisions\/948"}],"wp:attachment":[{"href":"https:\/\/www.toepfereipiezonka.de\/toepferei\/wp-json\/wp\/v2\/media?parent=17"}],"curies":[{"name":"wp","href":"https:\/\/api.w.org\/{rel}","templated":true}]}}