{"id":27,"date":"2020-01-30T22:10:41","date_gmt":"2020-01-30T21:10:41","guid":{"rendered":"http:\/\/www.toepfereipiezonka.de\/toepferei\/?page_id=27"},"modified":"2020-03-06T14:52:37","modified_gmt":"2020-03-06T13:52:37","slug":"datenschutz","status":"publish","type":"page","link":"https:\/\/www.toepfereipiezonka.de\/toepferei\/datenschutz\/","title":{"rendered":"Datenschutz"},"content":{"rendered":"\n<div class=\"alignnormal\"><div id=\"metaslider-id-58\" style=\"width: 100%; margin: 0 auto;\" class=\"ml-slider-3-15-3 metaslider metaslider-flex metaslider-58 ml-slider ml-slider-lightbox-1-10-1 lightbox-disabled nav-hidden\">\n    <div id=\"metaslider_container_58\">\n        <div id=\"metaslider_58\">\n            <ul aria-live=\"polite\" class=\"slides\">\n                <li style=\"display: block; width: 100%;\" class=\"slide-95 ms-image\"><img src=\"https:\/\/www.toepfereipiezonka.de\/toepferei\/wp-content\/uploads\/2020\/01\/piezonka-burg-3.jpg\" height=\"350\" width=\"1300\" alt=\"\" class=\"slider-58 slide-95\" title=\"piezonka-burg-3\" \/><\/li>\n                <li style=\"display: none; width: 100%;\" class=\"slide-96 ms-image\"><img src=\"https:\/\/www.toepfereipiezonka.de\/toepferei\/wp-content\/uploads\/2020\/01\/piezonka-burg-2.jpg\" height=\"350\" width=\"1300\" alt=\"\" class=\"slider-58 slide-96\" title=\"piezonka-burg-2\" \/><\/li>\n                <li style=\"display: none; width: 100%;\" class=\"slide-97 ms-image\"><img src=\"https:\/\/www.toepfereipiezonka.de\/toepferei\/wp-content\/uploads\/2020\/01\/piezonka-burg-1.jpg\" height=\"350\" width=\"1300\" alt=\"\" class=\"slider-58 slide-97\" title=\"piezonka-burg-1\" \/><\/li>\n                <li style=\"display: none; width: 100%;\" class=\"slide-92 ms-image\"><img src=\"https:\/\/www.toepfereipiezonka.de\/toepferei\/wp-content\/uploads\/2020\/01\/piezonka-burg-6.jpg\" height=\"350\" width=\"1300\" alt=\"\" class=\"slider-58 slide-92\" title=\"piezonka-burg-6\" \/><\/li>\n                <li style=\"display: none; width: 100%;\" class=\"slide-93 ms-image\"><img src=\"https:\/\/www.toepfereipiezonka.de\/toepferei\/wp-content\/uploads\/2020\/01\/piezonka-burg-5.jpg\" height=\"350\" width=\"1300\" alt=\"\" class=\"slider-58 slide-93\" title=\"piezonka-burg-5\" \/><\/li>\n                <li style=\"display: none; width: 100%;\" class=\"slide-94 ms-image\"><img src=\"https:\/\/www.toepfereipiezonka.de\/toepferei\/wp-content\/uploads\/2020\/01\/piezonka-burg-4.jpg\" height=\"350\" width=\"1300\" alt=\"\" class=\"slider-58 slide-94\" title=\"piezonka-burg-4\" \/><\/li>\n            <\/ul>\n        <\/div>\n        \n    <\/div>\n<\/div><\/div>\n\n\n\n<p>\u00a0<\/p>\n<p>\u00a0<\/p>\n\n\n\n<p><span class=\"text\">Verantwortliche Stelle f\u00fcr die Erhebung, Verarbeitung und Nutzung Ihrer personenbezogenen Daten im Sinne des Bundesdatenschutzgesetzes (BDSG) ist<\/span><\/p>\n<p><span class=\"text\">T\u00f6pferei Elke Piezonka, 03096 Burg\/Spreewald, Weidenweg 15<\/span><\/p>\n<p><span class=\"text\">Sofern Sie der Erhebung, Verarbeitung oder Nutzung Ihrer Daten durch T\u00f6pferei Elke Piezonka gem\u00e4\u00df den datenschutzrechtlichen Bestimmungen insgesamt oder f\u00fcr einzelne Ma\u00dfnahmen widersprechen m\u00f6chten, richten Sie Ihren Widerspruch per Brief an folgende Kontaktdaten:<\/span><\/p>\n<p><span class=\"text\">Elke Piezonka, 03096 Burg\/Spreewald, Weidenweg 15<\/span><\/p>\n<p><span class=\"text\">Wir legen gr\u00f6\u00dften Wert auf den Schutz Ihrer Daten und die Wahrung Ihrer Privatsph\u00e4re. Nachstehend informieren wir Sie deshalb \u00fcber die Erhebung und Verwendung pers\u00f6nlicher Daten bei Nutzung unserer Webseite.<\/span><\/p>\n<p><span class=\"text\">Erheben, Speichern und Verwenden personenbezogener Daten<\/span><\/p>\n<p><span class=\"text\">Bei dem Besuch unserer Website erheben, verwenden und speichern wir Ihre personenbezogenen Daten. Personenbezogene Daten sind nach \u00a7 3 Abs. 1 BDSG Einzelangaben \u00fcber pers\u00f6nliche oder sachliche Verh\u00e4ltnisse einer bestimmten oder bestimmbaren nat\u00fcrlichen Person (Betroffener).<\/span><\/p>\n<p><span class=\"text\">Datenerhebung unter strenger Beachtung der Gesetze<\/span><\/p>\n<p><span class=\"text\">Bei der Erhebung, dem Verwenden und Speichern von personenbezogenen Daten beachten wir die Vorschriften des Bundesdatenschutzgesetzes, des Telemediengesetzes und ggf. weiterer anwendbarer Datenschutzbestimmungen. Alle Kundendaten werden unter Beachtung der einschl\u00e4gigen Vorschriften des Bundesdatenschutzgesetzes (BDSG) und des Telemediengesetzes (TMG) von uns gespeichert und verarbeitet.<\/span><\/p>\n<p><span class=\"text\">Auskunft<\/span><\/p>\n<p><span class=\"text\">Sie haben jederzeit das Recht auf unentgeltliche Auskunft \u00fcber Ihre gespeicherten Daten sowie das Recht auf Berichtigung, L\u00f6schung bzw. Sperrung. Wenden Sie sich hierzu bitte an die im Impressum angegebene Kontaktadresse. Wir stehen Ihnen jederzeit gern f\u00fcr weitergehende Fragen zu unseren Hinweisen zum Datenschutz und zur Verarbeitung Ihrer pers\u00f6nlichen Daten zur Verf\u00fcgung.<\/span><\/p>\n<p><span class=\"text\">Burg, 23. Mai 2018<\/span><\/p>\n","protected":false},"excerpt":{"rendered":"<p>\u00a0 \u00a0 Verantwortliche Stelle f\u00fcr die Erhebung, Verarbeitung und Nutzung Ihrer personenbezogenen Daten im Sinne des Bundesdatenschutzgesetzes (BDSG) ist T\u00f6pferei Elke Piezonka, 03096 Burg\/Spreewald, Weidenweg 15 Sofern Sie der Erhebung, &#8230;<\/p>\n","protected":false},"author":1,"featured_media":0,"parent":0,"menu_order":0,"comment_status":"closed","ping_status":"closed","template":"template-fullwidth.php","meta":{"kt_blocks_editor_width":""},"_links":{"self":[{"href":"https:\/\/www.toepfereipiezonka.de\/toepferei\/wp-json\/wp\/v2\/pages\/27"}],"collection":[{"href":"https:\/\/www.toepfereipiezonka.de\/toepferei\/wp-json\/wp\/v2\/pages"}],"about":[{"href":"https:\/\/www.toepfereipiezonka.de\/toepferei\/wp-json\/wp\/v2\/types\/page"}],"author":[{"embeddable":true,"href":"https:\/\/www.toepfereipiezonka.de\/toepferei\/wp-json\/wp\/v2\/users\/1"}],"replies":[{"embeddable":true,"href":"https:\/\/www.toepfereipiezonka.de\/toepferei\/wp-json\/wp\/v2\/comments?post=27"}],"version-history":[{"count":7,"href":"https:\/\/www.toepfereipiezonka.de\/toepferei\/wp-json\/wp\/v2\/pages\/27\/revisions"}],"predecessor-version":[{"id":441,"href":"https:\/\/www.toepfereipiezonka.de\/toepferei\/wp-json\/wp\/v2\/pages\/27\/revisions\/441"}],"wp:attachment":[{"href":"https:\/\/www.toepfereipiezonka.de\/toepferei\/wp-json\/wp\/v2\/media?parent=27"}],"curies":[{"name":"wp","href":"https:\/\/api.w.org\/{rel}","templated":true}]}}