{"id":686,"date":"2021-03-21T13:13:42","date_gmt":"2021-03-21T12:13:42","guid":{"rendered":"https:\/\/www.toepfereipiezonka.de\/toepferei\/agb\/"},"modified":"2021-04-08T10:30:58","modified_gmt":"2021-04-08T08:30:58","slug":"agb","status":"publish","type":"page","link":"https:\/\/www.toepfereipiezonka.de\/toepferei\/agb\/","title":{"rendered":"AGB"},"content":{"rendered":"\n<p><strong>Allgemeine Gesch\u00e4ftsbedingungen (AGB) der T\u00f6pferei E. Piezonka Burg (Spreewald)<\/strong><\/p>\n\n\n\n<p><strong>\u00a71 Geltungsbereich<\/strong><\/p>\n\n\n\n<p>(1) Die nachfolgende AGB gilt f\u00fcr alle Lieferungen zwischen uns und einem Verbraucher in ihrer zum Zeitpunkt der Bestellung g\u00fcltigen Fassung.<\/p>\n\n\n\n<p>(2) Verbraucher ist jede nat\u00fcrliche Person, die ein Rechtsgesch\u00e4ft zu Zwecken abschlie\u00dft, die \u00fcberwiegend weder ihrer gewerblichen noch ihrer selbstst\u00e4ndigen beruflichen T\u00e4tigkeit zugerechnet werden k\u00f6nnen (\u00a7 13 BGB)<\/p>\n\n\n\n<p><strong>\u00a7 2 Abschluss eines Vertrages, Speicherung des Vertragstextes<\/strong><\/p>\n\n\n\n<p>(1) Die folgenden Regelungen gelten ausschlie\u00dflich f\u00fcr Bestellungen \u00fcber unseren Onlineshop auf unserer Homepage <a href=\"http:\/\/www.toepfereipiezonka.de\/\" target=\"_blank\" rel=\"noreferrer noopener\">www.toepfereipiezonka.de<\/a>.<\/p>\n\n\n\n<p>(2) Im Falle des Vertragsabschlusses kommt der Vertrag mit der<\/p>\n\n\n\n<p>T\u00f6pferei E. Piezonka<\/p>\n\n\n\n<p>Weidenweg 15<\/p>\n\n\n\n<p>03096 Burg (Spreewald)<\/p>\n\n\n\n<p>zustande.<\/p>\n\n\n\n<p>(3) Die in unserem Onlineshop eingestellten Waren stellen kein rechtlich bindendes Vertragsangebot unsererseits dar, sondern verstehen sich als unverbindliche Aufforderung an den Verbraucher, Waren zu bestellen.<\/p>\n\n\n\n<p>(4) Erst mit der Bestellung der ausgew\u00e4hlten Ware gibt der Verbraucher ein f\u00fcr ihn verbindliches Angebot auf den Abschluss eines Kaufvertrages ab, indem er die im Onlineshop vorgegebenen Bestellschritte erfolgreich durchl\u00e4uft:<\/p>\n\n\n\n<p>1. Auswahl der gew\u00fcnschten Ware<\/p>\n\n\n\n<p>2. Best\u00e4tigung der Auswahl durch Anklicken des Buttons \u201eIn den Warenkorb\u201c<\/p>\n\n\n\n<p>3. Pr\u00fcfung der Angaben im Warenkorb<\/p>\n\n\n\n<p>4. Anklicken des Buttons \u201eZur Kasse\u201c<\/p>\n\n\n\n<p>5. Vollst\u00e4ndige Eingabe der Rechnungs- und Versandadresse in die daf\u00fcr vorgesehene Eingabemaske<\/p>\n\n\n\n<p>6. Abschlie\u00dfende Pr\u00fcfung bzw. Berichtigung der f\u00fcr die Bestellung relevanten Daten<\/p>\n\n\n\n<p>7. Verbindliches Senden der Bestellung durch Anklicken des Buttons \u201eKaufen\u201c<\/p>\n\n\n\n<p>(5) Den Eingang der Bestellung best\u00e4tigen wir unmittelbar nach Vorliegen durch eine automatisch generierte E-Mail (Auftragsbest\u00e4tigung), die Ihre Bestelldaten und unsere AGB enth\u00e4lt.<\/p>\n\n\n\n<p>Mit dieser Mail nehmen wir Ihr Angebot an.<\/p>\n\n\n\n<p>(6) Unsere AGB kann auch jederzeit unter <a href=\"http:\/\/www.toepfereipiezonka.de\/\" target=\"_blank\" rel=\"noreferrer noopener\">www.toepfereipiezonka.de<\/a> eingesehen werden.<\/p>\n\n\n\n<p>Die Bestelldaten des K\u00e4ufers sind nach Vertragsabschluss aus Sicherheitsgr\u00fcnden nicht mehr \u00fcber das Internet zug\u00e4nglich.<\/p>\n\n\n\n<p><strong>\u00a7 3 Preise, Rechnungslegung, Versandkosten, F\u00e4lligkeit<\/strong><\/p>\n\n\n\n<p>(1) Die angegebenen Preise enthalten die gesetzliche Umsatzsteuer. Hinzu kommen die Versand- und Verpackungskosten.<\/p>\n\n\n\n<p>(2) Als Zahlungsart steht die Vorkasse zur Verf\u00fcgung.<\/p>\n\n\n\n<p>(3) Bei Verf\u00fcgbarkeit der von Ihnen bestellten Produkte erhalten Sie von uns umgehend eine Rechnung. Auf dieser finden Sie alle f\u00fcr die Bezahlung erforderlichen Angaben. Bitte \u00fcberweisen Sie den ausgewiesenen Betrag auf das angegebene Konto. Nach Zahlungseingang schicken wir Ihnen die gekauften Keramiken innerhalb von 5 Werktagen zu.<\/p>\n\n\n\n<p>(4) Sollte das Bestellte nicht vorr\u00e4tig sein, informieren wir Sie umgehend \u00fcber den voraussichtlichen Termin der Fertigstellung. Die Rechnung geht Ihnen dann <strong>nach Anfertigung<\/strong> der Bestellung zu. Auf dieser Rechnung finden Sie alle f\u00fcr die Bezahlung erforderlichen Angaben. Bitte \u00fcberweisen Sie den ausgewiesenen Betrag auf das angegebene Konto. Nach Zahlungseingang schicken wir Ihnen die gekauften Keramiken innerhalb von 5 Werktagen zu.<\/p>\n\n\n\n<p>(5) Die Versand- und Verpackungskosten betragen innerhalb Deutschlands bei Warensendungen bis 5 kg Gewicht pauschal 8,00 EUR.<\/p>\n\n\n\n<p>Bei Sendungen, die mehrere Pakete bis jeweils 5 kg Gewicht umfassen, gilt der Paketpreis von 8,00 EUR analog je Paket.<\/p>\n\n\n\n<p>Bei Einzelsendungen \u00fcber 5 kg Gesamtgewicht gelten erh\u00f6hte Versand- und Verpackungspreise, wir nehmen in diesem Fall Kontakt mit Ihnen auf.<\/p>\n\n\n\n<p>Bei Lieferungen ins Ausland gelten Sonderkonditionen, wir setzen uns mit Ihnen in Verbindung. Bitte beachten Sie, dass bei Paketsendungen ins Ausland erfahrungsgem\u00e4\u00df hohe Versandkosten anfallen k\u00f6nnen.<\/p>\n\n\n\n<p>Der K\u00e4ufer wird gebeten, angelieferte Waren mit offensichtlichen Transportsch\u00e4den bei dem Zusteller zu reklamieren und die T\u00f6pferei E. Piezonka hiervon umgehend in Kenntnis zu setzen.<\/p>\n\n\n\n<p>(6) Die F\u00e4lligkeit betr\u00e4gt beginnend mit dem Rechnungsdatum 14 Werktage.<\/p>\n\n\n\n<p><strong>\u00a7 4 Widerruf, R\u00fcckgaben, Umtausch<\/strong><\/p>\n\n\n\n<p>(1) Der Verbraucher hat das Recht, binnen 14 Tage ohne Angabe von Gr\u00fcnden den abgeschlossenen Vertrag zu widerrufen. Das Widerrufsrecht beginnt an dem Tag, an dem der K\u00e4ufer die Ware in Besitz genommen hat.<\/p>\n\n\n\n<p>Die Aus\u00fcbung des Widerrufsrechts hat in schriftlicher Form mittels einer eindeutigen Erkl\u00e4rung (postalisch \u00fcbersandter Brief, E-Mail) zu erfolgen, in dem Sie Ihren Entschluss den abgeschlossen Vertrag zu widerrufen, niederlegen.<\/p>\n\n\n\n<p>(2) Im Falle eines Widerrufs werden wir alle Zahlungen, die wir in Bezug auf den widerrufenden Vertrag von Ihnen erhalten haben unverz\u00fcglich und sp\u00e4testens binnen vierzehn Tagen ab dem Tag zur\u00fcckzahlen, an dem die Mitteilung \u00fcber ihren Widerruf dieses Vertrages bei uns eingegangen ist.<\/p>\n\n\n\n<p>(3) Wir k\u00f6nnen die R\u00fcckzahlung verweigern, bis wir die Waren wieder zur\u00fcckerhalten haben oder bis Sie uns den Nachweis erbracht haben, dass Sie die Waren zur\u00fcckgesandt haben.<\/p>\n\n\n\n<p>(4) Der K\u00e4ufer hat die Waren unverz\u00fcglich und in jedem Fall sp\u00e4testens binnen vierzehn Tagen ab dem Tag, an dem er uns vom Widerruf dieses Vertrages unterrichtet hat, an uns zur\u00fcckzusenden oder zu \u00fcbergeben. Die Frist ist gewahrt, wenn der K\u00e4ufer die Waren vor Ablauf der Frist von vierzehn Tagen absendet.<\/p>\n\n\n\n<p>(5) Der K\u00e4ufer tr\u00e4gt die unmittelbaren Kosten der R\u00fccksendung der Waren.<\/p>\n\n\n\n<p>(6) Falls die zur\u00fcckgesandten Artikel nicht im Originalzustand oder besch\u00e4digt zur\u00fcckgegeben werden, ist der K\u00e4ufer f\u00fcr jeglichen Wertverlust verantwortlich<\/p>\n\n\n\n<p>(7) Ausgenommen von einer R\u00fcckgabe oder einem Umtausch sind Spezialanfertigungen laut Auftrag bzw. personalisierte Bestellungen.<\/p>\n","protected":false},"excerpt":{"rendered":"<p>Allgemeine Gesch\u00e4ftsbedingungen (AGB) der T\u00f6pferei E. Piezonka Burg (Spreewald) \u00a71 Geltungsbereich (1) Die nachfolgende AGB gilt f\u00fcr alle Lieferungen zwischen uns und einem Verbraucher in ihrer zum Zeitpunkt der Bestellung &#8230;<\/p>\n","protected":false},"author":1,"featured_media":0,"parent":0,"menu_order":0,"comment_status":"closed","ping_status":"closed","template":"template-fullwidth.php","meta":{"kt_blocks_editor_width":""},"_links":{"self":[{"href":"https:\/\/www.toepfereipiezonka.de\/toepferei\/wp-json\/wp\/v2\/pages\/686"}],"collection":[{"href":"https:\/\/www.toepfereipiezonka.de\/toepferei\/wp-json\/wp\/v2\/pages"}],"about":[{"href":"https:\/\/www.toepfereipiezonka.de\/toepferei\/wp-json\/wp\/v2\/types\/page"}],"author":[{"embeddable":true,"href":"https:\/\/www.toepfereipiezonka.de\/toepferei\/wp-json\/wp\/v2\/users\/1"}],"replies":[{"embeddable":true,"href":"https:\/\/www.toepfereipiezonka.de\/toepferei\/wp-json\/wp\/v2\/comments?post=686"}],"version-history":[{"count":1,"href":"https:\/\/www.toepfereipiezonka.de\/toepferei\/wp-json\/wp\/v2\/pages\/686\/revisions"}],"predecessor-version":[{"id":806,"href":"https:\/\/www.toepfereipiezonka.de\/toepferei\/wp-json\/wp\/v2\/pages\/686\/revisions\/806"}],"wp:attachment":[{"href":"https:\/\/www.toepfereipiezonka.de\/toepferei\/wp-json\/wp\/v2\/media?parent=686"}],"curies":[{"name":"wp","href":"https:\/\/api.w.org\/{rel}","templated":true}]}}