{"id":688,"date":"2021-03-21T13:13:42","date_gmt":"2021-03-21T12:13:42","guid":{"rendered":"https:\/\/www.toepfereipiezonka.de\/toepferei\/versandarten\/"},"modified":"2021-04-08T10:01:48","modified_gmt":"2021-04-08T08:01:48","slug":"versandarten","status":"publish","type":"page","link":"https:\/\/www.toepfereipiezonka.de\/toepferei\/versandarten\/","title":{"rendered":"Zahlungsm\u00f6glichkeit &#038; Versand"},"content":{"rendered":"\n<p>Als <strong>Zahlungsart<\/strong> steht die <strong>Vorkasse <\/strong>zur Verf\u00fcgung. <\/p>\n\n\n\n<p>Bei Verf\u00fcgbarkeit der von Ihnen bestellten Produkte erhalten Sie von uns umgehend eine Rechnung. Auf dieser finden Sie alle f\u00fcr die Bezahlung erforderlichen Angaben. Bitte \u00fcberweisen Sie den ausgewiesenen Betrag auf das angegebene Konto. Nach Zahlungseingang schicken wir Ihnen die gekauften Keramiken innerhalb von 5 Werktagen zu.<\/p>\n\n\n\n<p>Sollte das Bestellte nicht vorr\u00e4tig sein, informieren wir Sie umgehend \u00fcber den voraussichtlichen Termin der Fertigstellung. Die Rechnung geht Ihnen dann nach Anfertigung der Bestellung zu. Auf dieser Rechnung finden Sie alle f\u00fcr die Bezahlung erforderlichen Angaben. Bitte \u00fcberweisen Sie den ausgewiesenen Betrag auf das angegebene Konto. Nach Zahlungseingang schicken wir Ihnen die gekauften Keramiken innerhalb von 5 Werktagen zu.<\/p>\n\n\n\n<p>Die <strong>Versand- und Verpackungskosten<\/strong> betragen innerhalb Deutschlands bei Warensendungen <strong>bis 5 kg Gewicht pauschal 8,00 EUR<\/strong>. Bei Sendungen, die mehrere Pakete bis jeweils 5 kg Gewicht umfassen, gilt der Paketpreis von 8,00 EUR analog je Paket. Bei Einzelsendungen \u00fcber 5 kg Gesamtgewicht gelten erh\u00f6hte Versand- und Verpackungspreise, wir nehmen in diesem Fall Kontakt mit Ihnen auf.<\/p>\n","protected":false},"excerpt":{"rendered":"<p>Als Zahlungsart steht die Vorkasse zur Verf\u00fcgung. Bei Verf\u00fcgbarkeit der von Ihnen bestellten Produkte erhalten Sie von uns umgehend eine Rechnung. Auf dieser finden Sie alle f\u00fcr die Bezahlung erforderlichen &#8230;<\/p>\n","protected":false},"author":1,"featured_media":0,"parent":0,"menu_order":0,"comment_status":"closed","ping_status":"closed","template":"template-fullwidth.php","meta":{"kt_blocks_editor_width":""},"_links":{"self":[{"href":"https:\/\/www.toepfereipiezonka.de\/toepferei\/wp-json\/wp\/v2\/pages\/688"}],"collection":[{"href":"https:\/\/www.toepfereipiezonka.de\/toepferei\/wp-json\/wp\/v2\/pages"}],"about":[{"href":"https:\/\/www.toepfereipiezonka.de\/toepferei\/wp-json\/wp\/v2\/types\/page"}],"author":[{"embeddable":true,"href":"https:\/\/www.toepfereipiezonka.de\/toepferei\/wp-json\/wp\/v2\/users\/1"}],"replies":[{"embeddable":true,"href":"https:\/\/www.toepfereipiezonka.de\/toepferei\/wp-json\/wp\/v2\/comments?post=688"}],"version-history":[{"count":5,"href":"https:\/\/www.toepfereipiezonka.de\/toepferei\/wp-json\/wp\/v2\/pages\/688\/revisions"}],"predecessor-version":[{"id":815,"href":"https:\/\/www.toepfereipiezonka.de\/toepferei\/wp-json\/wp\/v2\/pages\/688\/revisions\/815"}],"wp:attachment":[{"href":"https:\/\/www.toepfereipiezonka.de\/toepferei\/wp-json\/wp\/v2\/media?parent=688"}],"curies":[{"name":"wp","href":"https:\/\/api.w.org\/{rel}","templated":true}]}}