{"id":9,"date":"2020-01-30T22:00:52","date_gmt":"2020-01-30T21:00:52","guid":{"rendered":"http:\/\/www.toepfereipiezonka.de\/toepferei\/?page_id=9"},"modified":"2021-04-08T13:32:16","modified_gmt":"2021-04-08T11:32:16","slug":"keramik","status":"publish","type":"page","link":"https:\/\/www.toepfereipiezonka.de\/toepferei\/keramik\/","title":{"rendered":"Keramik"},"content":{"rendered":"\n<div class=\"alignwide\"><div id=\"metaslider-id-58\" style=\"width: 100%; margin: 0 auto;\" class=\"ml-slider-3-15-3 metaslider metaslider-flex metaslider-58 ml-slider ml-slider-lightbox-1-10-1 lightbox-disabled nav-hidden\">\n    <div id=\"metaslider_container_58\">\n        <div id=\"metaslider_58\">\n            <ul aria-live=\"polite\" class=\"slides\">\n                <li style=\"display: block; width: 100%;\" class=\"slide-95 ms-image\"><img src=\"https:\/\/www.toepfereipiezonka.de\/toepferei\/wp-content\/uploads\/2020\/01\/piezonka-burg-3.jpg\" height=\"350\" width=\"1300\" alt=\"\" class=\"slider-58 slide-95\" title=\"piezonka-burg-3\" \/><\/li>\n                <li style=\"display: none; width: 100%;\" class=\"slide-93 ms-image\"><img src=\"https:\/\/www.toepfereipiezonka.de\/toepferei\/wp-content\/uploads\/2020\/01\/piezonka-burg-5.jpg\" height=\"350\" width=\"1300\" alt=\"\" class=\"slider-58 slide-93\" title=\"piezonka-burg-5\" \/><\/li>\n                <li style=\"display: none; width: 100%;\" class=\"slide-92 ms-image\"><img src=\"https:\/\/www.toepfereipiezonka.de\/toepferei\/wp-content\/uploads\/2020\/01\/piezonka-burg-6.jpg\" height=\"350\" width=\"1300\" alt=\"\" class=\"slider-58 slide-92\" title=\"piezonka-burg-6\" \/><\/li>\n                <li style=\"display: none; width: 100%;\" class=\"slide-94 ms-image\"><img src=\"https:\/\/www.toepfereipiezonka.de\/toepferei\/wp-content\/uploads\/2020\/01\/piezonka-burg-4.jpg\" height=\"350\" width=\"1300\" alt=\"\" class=\"slider-58 slide-94\" title=\"piezonka-burg-4\" \/><\/li>\n                <li style=\"display: none; width: 100%;\" class=\"slide-96 ms-image\"><img src=\"https:\/\/www.toepfereipiezonka.de\/toepferei\/wp-content\/uploads\/2020\/01\/piezonka-burg-2.jpg\" height=\"350\" width=\"1300\" alt=\"\" class=\"slider-58 slide-96\" title=\"piezonka-burg-2\" \/><\/li>\n                <li style=\"display: none; width: 100%;\" class=\"slide-97 ms-image\"><img src=\"https:\/\/www.toepfereipiezonka.de\/toepferei\/wp-content\/uploads\/2020\/01\/piezonka-burg-1.jpg\" height=\"350\" width=\"1300\" alt=\"\" class=\"slider-58 slide-97\" title=\"piezonka-burg-1\" \/><\/li>\n            <\/ul>\n        <\/div>\n        \n    <\/div>\n<\/div><\/div>\n\n\n\n<p>&nbsp;&nbsp;&nbsp;&nbsp; &nbsp;<\/p>\n<p>&nbsp;<\/p>\n\n\n\n\n\n<figure class=\"wp-block-table aligncenter is-style-stripes\"><table><tbody><tr><td class=\"has-text-align-center\" data-align=\"center\"><\/td><td class=\"has-text-align-center\" data-align=\"center\"><\/td><td class=\"has-text-align-center\" data-align=\"center\"><\/td><td class=\"has-text-align-center\" data-align=\"center\"><\/td><td class=\"has-text-align-center\" data-align=\"center\"><\/td><td class=\"has-text-align-center\" data-align=\"center\"><\/td><\/tr><tr><td class=\"has-text-align-center\" data-align=\"center\"><a href=\"http:\/\/www.toepfereipiezonka.de\/toepferei\/bodenvasen\/\"><img loading=\"lazy\" width=\"600\" height=\"598\" class=\"wp-image-236\" style=\"width: 150px;\" src=\"http:\/\/www.toepfereipiezonka.de\/toepferei\/wp-content\/uploads\/2020\/02\/bodenvase.jpg\" alt=\"\" srcset=\"https:\/\/www.toepfereipiezonka.de\/toepferei\/wp-content\/uploads\/2020\/02\/bodenvase.jpg 600w, https:\/\/www.toepfereipiezonka.de\/toepferei\/wp-content\/uploads\/2020\/02\/bodenvase-300x300.jpg 300w, https:\/\/www.toepfereipiezonka.de\/toepferei\/wp-content\/uploads\/2020\/02\/bodenvase-150x150.jpg 150w\" sizes=\"(max-width: 600px) 100vw, 600px\" \/><\/a><\/td><td class=\"has-text-align-center\" data-align=\"center\"><a href=\"http:\/\/www.toepfereipiezonka.de\/toepferei\/flaschen-vasen\/\"><img loading=\"lazy\" width=\"745\" height=\"488\" class=\"wp-image-237\" style=\"width: 150px;\" src=\"http:\/\/www.toepfereipiezonka.de\/toepferei\/wp-content\/uploads\/2020\/02\/flaschen.jpg\" alt=\"\" srcset=\"https:\/\/www.toepfereipiezonka.de\/toepferei\/wp-content\/uploads\/2020\/02\/flaschen.jpg 745w, https:\/\/www.toepfereipiezonka.de\/toepferei\/wp-content\/uploads\/2020\/02\/flaschen-300x197.jpg 300w\" sizes=\"(max-width: 745px) 100vw, 745px\" \/><\/a><\/td><td class=\"has-text-align-center\" data-align=\"center\"><a href=\"http:\/\/www.toepfereipiezonka.de\/toepferei\/kruege-kannen\/\"><img loading=\"lazy\" width=\"750\" height=\"564\" class=\"wp-image-238\" style=\"width: 150px;\" src=\"http:\/\/www.toepfereipiezonka.de\/toepferei\/wp-content\/uploads\/2020\/02\/kannen.jpg\" alt=\"\" srcset=\"https:\/\/www.toepfereipiezonka.de\/toepferei\/wp-content\/uploads\/2020\/02\/kannen.jpg 750w, https:\/\/www.toepfereipiezonka.de\/toepferei\/wp-content\/uploads\/2020\/02\/kannen-300x226.jpg 300w\" sizes=\"(max-width: 750px) 100vw, 750px\" \/><\/a><\/td><td class=\"has-text-align-center\" data-align=\"center\"><a href=\"http:\/\/www.toepfereipiezonka.de\/toepferei\/tassen-becher\/\"><img loading=\"lazy\" width=\"700\" height=\"630\" class=\"wp-image-316\" style=\"width: 150px;\" src=\"http:\/\/www.toepfereipiezonka.de\/toepferei\/wp-content\/uploads\/2020\/02\/t5.jpg\" alt=\"\" srcset=\"https:\/\/www.toepfereipiezonka.de\/toepferei\/wp-content\/uploads\/2020\/02\/t5.jpg 700w, https:\/\/www.toepfereipiezonka.de\/toepferei\/wp-content\/uploads\/2020\/02\/t5-300x270.jpg 300w\" sizes=\"(max-width: 700px) 100vw, 700px\" \/><\/a><\/td><td class=\"has-text-align-center\" data-align=\"center\"><a href=\"http:\/\/www.toepfereipiezonka.de\/toepferei\/teller-schuessen-schalen\/\"><img loading=\"lazy\" width=\"634\" height=\"600\" class=\"wp-image-240\" style=\"width: 150px;\" src=\"http:\/\/www.toepfereipiezonka.de\/toepferei\/wp-content\/uploads\/2020\/02\/teller.jpg\" alt=\"\" srcset=\"https:\/\/www.toepfereipiezonka.de\/toepferei\/wp-content\/uploads\/2020\/02\/teller.jpg 634w, https:\/\/www.toepfereipiezonka.de\/toepferei\/wp-content\/uploads\/2020\/02\/teller-300x284.jpg 300w\" sizes=\"(max-width: 634px) 100vw, 634px\" \/><\/a><\/td><td class=\"has-text-align-center\" data-align=\"center\"><a href=\"http:\/\/www.toepfereipiezonka.de\/toepferei\/verschiedenes\/\"><img loading=\"lazy\" width=\"419\" height=\"630\" class=\"wp-image-241\" style=\"width: 110px;\" src=\"http:\/\/www.toepfereipiezonka.de\/toepferei\/wp-content\/uploads\/2020\/02\/verschieden.jpg\" alt=\"\" srcset=\"https:\/\/www.toepfereipiezonka.de\/toepferei\/wp-content\/uploads\/2020\/02\/verschieden.jpg 419w, https:\/\/www.toepfereipiezonka.de\/toepferei\/wp-content\/uploads\/2020\/02\/verschieden-200x300.jpg 200w\" sizes=\"(max-width: 419px) 100vw, 419px\" \/><\/a><\/td><\/tr><tr><td class=\"has-text-align-center\" data-align=\"center\"><a href=\"http:\/\/www.toepfereipiezonka.de\/toepferei\/bodenvasen\/\">Bodenvasen<\/a><\/td><td class=\"has-text-align-center\" data-align=\"center\"> <a href=\"http:\/\/www.toepfereipiezonka.de\/toepferei\/flaschen-vasen\/\">Flaschen &amp; Vasen<\/a> <\/td><td class=\"has-text-align-center\" data-align=\"center\"> <a href=\"http:\/\/www.toepfereipiezonka.de\/toepferei\/kruege-kannen\/\">Kr\u00fcge &amp; Kannen <\/a><\/td><td class=\"has-text-align-center\" data-align=\"center\"> <a href=\"http:\/\/www.toepfereipiezonka.de\/toepferei\/tassen-becher\/\">Tassen &amp; Becher <\/a><\/td><td class=\"has-text-align-center\" data-align=\"center\"><a href=\"http:\/\/www.toepfereipiezonka.de\/toepferei\/teller-schuessen-schalen\/\">Teller, Sch\u00fcsseln &amp; Schalen<\/a> <\/td><td class=\"has-text-align-center\" data-align=\"center\"> <a href=\"http:\/\/www.toepfereipiezonka.de\/toepferei\/verschiedenes\/\">Verschiedenes <\/a><\/td><\/tr><\/tbody><\/table><\/figure>\n\n\n\n<p>&nbsp; <\/p>\n\n\n\n<div class=\"wp-block-buttons is-content-justification-center\">\n<div class=\"wp-block-button\"><a class=\"wp-block-button__link has-white-color has-text-color has-background no-border-radius\" href=\"https:\/\/www.toepfereipiezonka.de\/toepferei\/shop\/\" style=\"background-color:#ddbe75\">zum SHOP<\/a><\/div>\n<\/div>\n\n\n\n<p><\/p>\n\n\n\n<p>Die Keramik aus unserem Meisterbetrieb ist auf der  T\u00f6pferscheibe gefertigt, handdekoriert, lebensmittelecht und f\u00fcr die  Geschirrsp\u00fclmaschine geeignet. <\/p>\n\n\n\n<p>Wir verwenden wei\u00df-, rot- und schwarzbrennende Tone,  die mit Glasuren und Bemalungen in zahlreichen Farbnuancen versehen  werden. Die Palette reicht von Beige-, Braun- oder Blaut\u00f6nen bis zu  kr\u00e4ftigen Rot- und Gr\u00fcnkombinationen. F\u00fcr viele Keramikliebhaber sind  die Gef\u00e4\u00dfe aus schwarzem Manganton mit Ritzdekor sehr interessant. <\/p>\n\n\n\n<p>Da wir gern mit neuen Formen, Farben und  Oberfl\u00e4chengestaltungen experimentieren, werden Sie bei uns auch immer  ausgefallene Unikate finden.<\/p>\n\n\n\n<p> Eine Besonderheit des Sortiments sind gro\u00dfe Bodenvasen und Schalen. <\/p>\n\n\n\n<p><\/p>\n\n\n\n<p><\/p>\n","protected":false},"excerpt":{"rendered":"<p>&nbsp;&nbsp;&nbsp;&nbsp; &nbsp; &nbsp; Bodenvasen Flaschen &amp; Vasen Kr\u00fcge &amp; Kannen Tassen &amp; Becher Teller, Sch\u00fcsseln &amp; Schalen Verschiedenes &nbsp; Die Keramik aus unserem Meisterbetrieb ist auf der T\u00f6pferscheibe gefertigt, handdekoriert, &#8230;<\/p>\n","protected":false},"author":1,"featured_media":0,"parent":0,"menu_order":0,"comment_status":"closed","ping_status":"closed","template":"template-fullwidth.php","meta":{"kt_blocks_editor_width":""},"_links":{"self":[{"href":"https:\/\/www.toepfereipiezonka.de\/toepferei\/wp-json\/wp\/v2\/pages\/9"}],"collection":[{"href":"https:\/\/www.toepfereipiezonka.de\/toepferei\/wp-json\/wp\/v2\/pages"}],"about":[{"href":"https:\/\/www.toepfereipiezonka.de\/toepferei\/wp-json\/wp\/v2\/types\/page"}],"author":[{"embeddable":true,"href":"https:\/\/www.toepfereipiezonka.de\/toepferei\/wp-json\/wp\/v2\/users\/1"}],"replies":[{"embeddable":true,"href":"https:\/\/www.toepfereipiezonka.de\/toepferei\/wp-json\/wp\/v2\/comments?post=9"}],"version-history":[{"count":72,"href":"https:\/\/www.toepfereipiezonka.de\/toepferei\/wp-json\/wp\/v2\/pages\/9\/revisions"}],"predecessor-version":[{"id":846,"href":"https:\/\/www.toepfereipiezonka.de\/toepferei\/wp-json\/wp\/v2\/pages\/9\/revisions\/846"}],"wp:attachment":[{"href":"https:\/\/www.toepfereipiezonka.de\/toepferei\/wp-json\/wp\/v2\/media?parent=9"}],"curies":[{"name":"wp","href":"https:\/\/api.w.org\/{rel}","templated":true}]}}