{"id":696,"date":"2021-03-23T17:15:10","date_gmt":"2021-03-23T16:15:10","guid":{"rendered":"https:\/\/www.toepfereipiezonka.de\/toepferei\/?post_type=product&#038;p=696"},"modified":"2024-02-02T16:19:47","modified_gmt":"2024-02-02T15:19:47","slug":"kelchvase-bunt","status":"publish","type":"product","link":"https:\/\/www.toepfereipiezonka.de\/toepferei\/produkt\/kelchvase-bunt\/","title":{"rendered":"Kelchvase bunt"},"content":{"rendered":"<p>Wir fertigen unsere T\u00f6pferwaren ausschlie\u00dflich in Handarbeit.<\/p>\n<p>Deshalb sind kleine Abweichungen gegen\u00fcber den Abbildungen und Beschreibungen m\u00f6glich und Ausdruck der traditionellen Herstellungsmethoden.<\/p>\n<p>Unsere Produkte sind entsprechen den einschl\u00e4gigen Bestimmungen von <b>Konformit\u00e4t <\/b>von Keramik f\u00fcr den Lebensmittelkontakt wie dem \u00a7 10 Abs. 2 BedGgstV und der EU \u2013 Rahmenverordnung Bedarfsgegenst\u00e4nde VO (EG) Nr. 1935\/2004. Die Konformit\u00e4tserkl\u00e4rungen sind in der T\u00f6pferei E. Piezonka in Burg (Spreewald) einsehbar.<\/p>\n","protected":false},"excerpt":{"rendered":"<p>H\u00f6he: 14 cm<\/p>\n","protected":false},"featured_media":800,"template":"","meta":{"kt_blocks_editor_width":""},"_links":{"self":[{"href":"https:\/\/www.toepfereipiezonka.de\/toepferei\/wp-json\/wp\/v2\/product\/696"}],"collection":[{"href":"https:\/\/www.toepfereipiezonka.de\/toepferei\/wp-json\/wp\/v2\/product"}],"about":[{"href":"https:\/\/www.toepfereipiezonka.de\/toepferei\/wp-json\/wp\/v2\/types\/product"}],"wp:featuredmedia":[{"embeddable":true,"href":"https:\/\/www.toepfereipiezonka.de\/toepferei\/wp-json\/wp\/v2\/media\/800"}],"wp:attachment":[{"href":"https:\/\/www.toepfereipiezonka.de\/toepferei\/wp-json\/wp\/v2\/media?parent=696"}],"curies":[{"name":"wp","href":"https:\/\/api.w.org\/{rel}","templated":true}]}}